{"id":52,"date":"2019-10-30T20:28:25","date_gmt":"2019-10-30T20:28:25","guid":{"rendered":"https:\/\/suszarnia.comwordpress\/?page_id=52"},"modified":"2020-05-03T22:00:30","modified_gmt":"2020-05-03T20:00:30","slug":"english-version","status":"publish","type":"page","link":"https:\/\/suszarnia.com\/?page_id=52","title":{"rendered":"ENGLISH VERSION"},"content":{"rendered":"\t\t<div data-elementor-type=\"wp-page\" data-elementor-id=\"52\" class=\"elementor elementor-52\" data-elementor-post-type=\"page\">\n\t\t\t\t\t\t<section class=\"elementor-section elementor-top-section elementor-element elementor-element-63494193 elementor-section-stretched elementor-section-boxed elementor-section-height-default elementor-section-height-default\" data-id=\"63494193\" data-element_type=\"section\" data-settings=\"{&quot;stretch_section&quot;:&quot;section-stretched&quot;}\">\n\t\t\t\t\t\t<div class=\"elementor-container elementor-column-gap-default\">\n\t\t\t\t\t<div class=\"elementor-column elementor-col-100 elementor-top-column elementor-element elementor-element-1063580e\" data-id=\"1063580e\" data-element_type=\"column\">\n\t\t\t<div class=\"elementor-widget-wrap elementor-element-populated\">\n\t\t\t\t\t\t<div class=\"elementor-element elementor-element-64ca7691 elementor-widget elementor-widget-text-editor\" data-id=\"64ca7691\" data-element_type=\"widget\" data-widget_type=\"text-editor.default\">\n\t\t\t\t<div class=\"elementor-widget-container\">\n\t\t\t\t\t\t\t\t\t\n<h1 class=\"has-text-align-center wp-block-heading\">HISTORY<\/h1>\n\n<p>Suszarnia Mi\u0119dzyrzecz was established in 1947 as a state company. In the year 1950 we began production of dried chicory roots. In 1964 Suszarnia Mi\u0119dzyrzecz was included into the Sugar Industry Union. Along with sugar factories in G\u0142og\u00f3w and Wschowa we were in Zielona G\u00f3ra Sugar Factories and then, since 1975 Suszarnia Mi\u0119dzyrzecz was in Leszno Sugar Factories (along with Gosty\u0144, G\u00f3ra \u015al\u0105ska, Ko\u015bcian, Miejska G\u00f3rka and Wschowa sugar factories). In this period Suszarnia Mi\u0119dzyrzecz was producing dried beet roots and buying thousands of tons beet root for sugar industry.<br \/>In 1988 Suszarnia Mi\u0119dzyrzecz began again production of dried chicory roots. In the year 1992 as the result of privatization SUSZARNIA MI\u0118DZYRZECZ S.A. arose.<br \/>All the time we modernize technology of production &#8211; a few years ago we began production of roasted chicory roots which we send to European Union countries.<br \/>In 2002 we received ISO 900 and HACCP certificates issued by LRQA. Since 2014 we possess GMP+ Certificate.<\/p>\n\n<p>Now we offer:<\/p>\n\n<p>&#8211; Dried chicory \u2013 flakes,<br \/>&#8211; Dried chicory \u2013 cubes 15x15x15 mm,<br \/>&#8211; Dried sugar beet \u2013 flakes.<\/p>\n\n<p>Our products are very famous in Poland and European Union, because of high quality and natural cultivation.<\/p>\n\n<div class=\"wp-block-image\">\n<figure class=\"aligncenter\"><img fetchpriority=\"high\" decoding=\"async\" width=\"839\" height=\"436\" class=\"wp-image-117\" src=\"https:\/\/suszarnia.com\/wp-content\/uploads\/2019\/11\/z9435434576-3.jpg\" alt=\"\" srcset=\"https:\/\/suszarnia.com\/wp-content\/uploads\/2019\/11\/z9435434576-3.jpg 839w, https:\/\/suszarnia.com\/wp-content\/uploads\/2019\/11\/z9435434576-3-300x156.jpg 300w, https:\/\/suszarnia.com\/wp-content\/uploads\/2019\/11\/z9435434576-3-768x399.jpg 768w\" sizes=\"(max-width: 839px) 100vw, 839px\" \/><\/figure>\n<\/div>\n\n<h2 class=\"has-text-align-center wp-block-heading\">CONTACT US<\/h2>\n\n<p class=\"has-text-align-center\"><strong>Suszarnia &#8222;Mi\u0119dzyrzecz&#8221; S.A<\/strong>.<br \/>Ul. Winnica 46,<br \/>66 \u2013 300 Mi\u0119dzyrzecz<br \/><br \/>POLAND<br \/><br \/>Tel.: +48 95 7412448<br \/>+48 95 7412449<br \/>Fax.: +48 95 7411835<br \/><br \/>www.suszarnia.com<br \/>kontakt@suszarnia.com<\/p>\n\t\t\t\t\t\t\t\t<\/div>\n\t\t\t\t<\/div>\n\t\t\t\t\t<\/div>\n\t\t<\/div>\n\t\t\t\t\t<\/div>\n\t\t<\/section>\n\t\t\t\t<section class=\"elementor-section elementor-top-section elementor-element elementor-element-ad4d5c4 elementor-section-stretched elementor-section-boxed elementor-section-height-default elementor-section-height-default\" data-id=\"ad4d5c4\" data-element_type=\"section\" data-settings=\"{&quot;stretch_section&quot;:&quot;section-stretched&quot;}\">\n\t\t\t\t\t\t<div class=\"elementor-container elementor-column-gap-default\">\n\t\t\t\t\t<div class=\"elementor-column elementor-col-100 elementor-top-column elementor-element elementor-element-000b032\" data-id=\"000b032\" data-element_type=\"column\">\n\t\t\t<div class=\"elementor-widget-wrap elementor-element-populated\">\n\t\t\t\t\t\t<div class=\"elementor-element elementor-element-8e74424 elementor-widget__width-inherit elementor-widget elementor-widget-google_maps\" data-id=\"8e74424\" data-element_type=\"widget\" data-widget_type=\"google_maps.default\">\n\t\t\t\t<div class=\"elementor-widget-container\">\n\t\t\t\t\t\t\t<div class=\"elementor-custom-embed\">\n\t\t\t<iframe loading=\"lazy\"\n\t\t\t\t\tsrc=\"https:\/\/maps.google.com\/maps?q=suszarnia%20mi%C4%99dzyrzecz&#038;t=m&#038;z=15&#038;output=embed&#038;iwloc=near\"\n\t\t\t\t\ttitle=\"suszarnia mi\u0119dzyrzecz\"\n\t\t\t\t\taria-label=\"suszarnia mi\u0119dzyrzecz\"\n\t\t\t><\/iframe>\n\t\t<\/div>\n\t\t\t\t\t\t<\/div>\n\t\t\t\t<\/div>\n\t\t\t\t\t<\/div>\n\t\t<\/div>\n\t\t\t\t\t<\/div>\n\t\t<\/section>\n\t\t\t\t<\/div>\n\t\t","protected":false},"excerpt":{"rendered":"<p>HISTORY Suszarnia Mi\u0119dzyrzecz was established in 1947 as a state company. In the year 1950 we began production of dried chicory roots. In 1964 Suszarnia Mi\u0119dzyrzecz was included into the Sugar Industry Union. Along with sugar factories in G\u0142og\u00f3w and Wschowa we were in Zielona G\u00f3ra Sugar Factories and then, since 1975 Suszarnia Mi\u0119dzyrzecz was&hellip;&nbsp;<a href=\"https:\/\/suszarnia.com\/?page_id=52\" class=\"\" rel=\"bookmark\">Dowiedz si\u0119 wi\u0119cej &raquo;<span class=\"screen-reader-text\">ENGLISH VERSION<\/span><\/a><\/p>\n","protected":false},"author":1,"featured_media":0,"parent":0,"menu_order":0,"comment_status":"closed","ping_status":"closed","template":"","meta":{"neve_meta_sidebar":"","neve_meta_container":"","neve_meta_enable_content_width":"off","neve_meta_content_width":0,"neve_meta_title_alignment":"","neve_meta_author_avatar":"","neve_post_elements_order":"","neve_meta_disable_header":"","neve_meta_disable_footer":"","neve_meta_disable_title":"on","_themeisle_gutenberg_block_has_review":false,"footnotes":""},"class_list":["post-52","page","type-page","status-publish","hentry"],"_links":{"self":[{"href":"https:\/\/suszarnia.com\/index.php?rest_route=\/wp\/v2\/pages\/52","targetHints":{"allow":["GET"]}}],"collection":[{"href":"https:\/\/suszarnia.com\/index.php?rest_route=\/wp\/v2\/pages"}],"about":[{"href":"https:\/\/suszarnia.com\/index.php?rest_route=\/wp\/v2\/types\/page"}],"author":[{"embeddable":true,"href":"https:\/\/suszarnia.com\/index.php?rest_route=\/wp\/v2\/users\/1"}],"replies":[{"embeddable":true,"href":"https:\/\/suszarnia.com\/index.php?rest_route=%2Fwp%2Fv2%2Fcomments&post=52"}],"version-history":[{"count":19,"href":"https:\/\/suszarnia.com\/index.php?rest_route=\/wp\/v2\/pages\/52\/revisions"}],"predecessor-version":[{"id":246,"href":"https:\/\/suszarnia.com\/index.php?rest_route=\/wp\/v2\/pages\/52\/revisions\/246"}],"wp:attachment":[{"href":"https:\/\/suszarnia.com\/index.php?rest_route=%2Fwp%2Fv2%2Fmedia&parent=52"}],"curies":[{"name":"wp","href":"https:\/\/api.w.org\/{rel}","templated":true}]}}