{"id":51,"date":"2019-10-30T20:28:25","date_gmt":"2019-10-30T20:28:25","guid":{"rendered":"https:\/\/suszarnia.comwordpress\/?page_id=51"},"modified":"2020-05-03T22:05:45","modified_gmt":"2020-05-03T20:05:45","slug":"wynajem-sprzetu","status":"publish","type":"page","link":"https:\/\/suszarnia.com\/?page_id=51","title":{"rendered":"WYNAJEM SPRZ\u0118TU"},"content":{"rendered":"\t\t<div data-elementor-type=\"wp-page\" data-elementor-id=\"51\" class=\"elementor elementor-51\" data-elementor-post-type=\"page\">\n\t\t\t\t\t\t<section class=\"elementor-section elementor-top-section elementor-element elementor-element-5db7acc0 elementor-section-stretched elementor-section-boxed elementor-section-height-default elementor-section-height-default\" data-id=\"5db7acc0\" data-element_type=\"section\" data-e-type=\"section\" data-settings=\"{&quot;stretch_section&quot;:&quot;section-stretched&quot;}\">\n\t\t\t\t\t\t<div class=\"elementor-container elementor-column-gap-default\">\n\t\t\t\t\t<div class=\"elementor-column elementor-col-100 elementor-top-column elementor-element elementor-element-73722cca\" data-id=\"73722cca\" data-element_type=\"column\" data-e-type=\"column\">\n\t\t\t<div class=\"elementor-widget-wrap elementor-element-populated\">\n\t\t\t\t\t\t<div class=\"elementor-element elementor-element-2e22ade8 elementor-widget elementor-widget-text-editor\" data-id=\"2e22ade8\" data-element_type=\"widget\" data-e-type=\"widget\" data-settings=\"{&quot;_animation&quot;:&quot;none&quot;}\" data-widget_type=\"text-editor.default\">\n\t\t\t\t<div class=\"elementor-widget-container\">\n\t\t\t\t\t\t\t\t\t<p><\/p>\n<h2 class=\"has-text-align-center wp-block-heading\">ATRAKCYJNE WARUNKI WYNAJMU SPRZ\u0118TU<\/h2>\n<p><img fetchpriority=\"high\" decoding=\"async\" class=\"alignright wp-image-79 \" src=\"https:\/\/suszarnia.com\/wp-content\/uploads\/2019\/10\/fot2-1024x576.jpg\" alt=\"\" width=\"620\" height=\"349\" srcset=\"https:\/\/suszarnia.com\/wp-content\/uploads\/2019\/10\/fot2-1024x576.jpg 1024w, https:\/\/suszarnia.com\/wp-content\/uploads\/2019\/10\/fot2-300x169.jpg 300w, https:\/\/suszarnia.com\/wp-content\/uploads\/2019\/10\/fot2-768x432.jpg 768w, https:\/\/suszarnia.com\/wp-content\/uploads\/2019\/10\/fot2-1200x675.jpg 1200w, https:\/\/suszarnia.com\/wp-content\/uploads\/2019\/10\/fot2.jpg 1600w\" sizes=\"(max-width: 620px) 100vw, 620px\" \/><\/p>\n<p>\u00a0<\/p>\n<p><\/p>\n<p><strong>Suszarnia &#8222;Mi\u0119dzy<\/strong><strong>rzecz&#8221; S.A. oferuje:<\/strong><\/p>\n<p><\/p>\n<ul class=\"wp-block-list\">\n<li>us\u0142ugi fadrom\u0105 i \u0142adowark\u0105 teleskopow\u0105,<\/li>\n<li>roboty ziemne,<\/li>\n<li>za\u0142adunki i roz\u0142adunki materia\u0142\u00f3w sypkich i palet,<\/li>\n<li>us\u0142ugi transportowe,<\/li>\n<li>us\u0142ugowy siew, zbi\u00f3r i transport p\u0142od\u00f3w rolnych.<\/li>\n<\/ul>\n<p><\/p>\t\t\t\t\t\t\t\t<\/div>\n\t\t\t\t<\/div>\n\t\t\t\t\t<\/div>\n\t\t<\/div>\n\t\t\t\t\t<\/div>\n\t\t<\/section>\n\t\t\t\t<\/div>\n\t\t","protected":false},"excerpt":{"rendered":"<p>ATRAKCYJNE WARUNKI WYNAJMU SPRZ\u0118TU \u00a0 Suszarnia &#8222;Mi\u0119dzyrzecz&#8221; S.A. oferuje: us\u0142ugi fadrom\u0105 i \u0142adowark\u0105 teleskopow\u0105, roboty ziemne, za\u0142adunki i roz\u0142adunki materia\u0142\u00f3w sypkich i palet, us\u0142ugi transportowe, us\u0142ugowy siew, zbi\u00f3r i transport p\u0142od\u00f3w rolnych.<\/p>\n","protected":false},"author":1,"featured_media":0,"parent":0,"menu_order":0,"comment_status":"closed","ping_status":"closed","template":"","meta":{"neve_meta_sidebar":"","neve_meta_container":"","neve_meta_enable_content_width":"off","neve_meta_content_width":0,"neve_meta_title_alignment":"","neve_meta_author_avatar":"","neve_post_elements_order":"","neve_meta_disable_header":"","neve_meta_disable_footer":"","neve_meta_disable_title":"on","_themeisle_gutenberg_block_has_review":false,"footnotes":""},"class_list":["post-51","page","type-page","status-publish","hentry"],"_links":{"self":[{"href":"https:\/\/suszarnia.com\/index.php?rest_route=\/wp\/v2\/pages\/51","targetHints":{"allow":["GET"]}}],"collection":[{"href":"https:\/\/suszarnia.com\/index.php?rest_route=\/wp\/v2\/pages"}],"about":[{"href":"https:\/\/suszarnia.com\/index.php?rest_route=\/wp\/v2\/types\/page"}],"author":[{"embeddable":true,"href":"https:\/\/suszarnia.com\/index.php?rest_route=\/wp\/v2\/users\/1"}],"replies":[{"embeddable":true,"href":"https:\/\/suszarnia.com\/index.php?rest_route=%2Fwp%2Fv2%2Fcomments&post=51"}],"version-history":[{"count":19,"href":"https:\/\/suszarnia.com\/index.php?rest_route=\/wp\/v2\/pages\/51\/revisions"}],"predecessor-version":[{"id":249,"href":"https:\/\/suszarnia.com\/index.php?rest_route=\/wp\/v2\/pages\/51\/revisions\/249"}],"wp:attachment":[{"href":"https:\/\/suszarnia.com\/index.php?rest_route=%2Fwp%2Fv2%2Fmedia&parent=51"}],"curies":[{"name":"wp","href":"https:\/\/api.w.org\/{rel}","templated":true}]}}