{"id":49,"date":"2019-10-30T20:28:25","date_gmt":"2019-10-30T20:28:25","guid":{"rendered":"https:\/\/suszarnia.comwordpress\/?page_id=49"},"modified":"2020-05-07T09:51:19","modified_gmt":"2020-05-07T07:51:19","slug":"susz-cykorii-i-buraka-cukrowego","status":"publish","type":"page","link":"https:\/\/suszarnia.com\/?page_id=49","title":{"rendered":"SUSZ CYKORII I BURAKA CUKROWEGO"},"content":{"rendered":"\t\t<div data-elementor-type=\"wp-page\" data-elementor-id=\"49\" class=\"elementor elementor-49\" data-elementor-post-type=\"page\">\n\t\t\t\t\t\t<section class=\"elementor-section elementor-top-section elementor-element elementor-element-25cb92c5 elementor-section-stretched elementor-section-boxed elementor-section-height-default elementor-section-height-default\" data-id=\"25cb92c5\" data-element_type=\"section\" data-e-type=\"section\" data-settings=\"{&quot;stretch_section&quot;:&quot;section-stretched&quot;}\">\n\t\t\t\t\t\t<div class=\"elementor-container elementor-column-gap-default\">\n\t\t\t\t\t<div class=\"elementor-column elementor-col-100 elementor-top-column elementor-element elementor-element-66dee3db\" data-id=\"66dee3db\" data-element_type=\"column\" data-e-type=\"column\">\n\t\t\t<div class=\"elementor-widget-wrap elementor-element-populated\">\n\t\t\t\t\t\t<div class=\"elementor-element elementor-element-d7f3b2d elementor-widget elementor-widget-text-editor\" data-id=\"d7f3b2d\" data-element_type=\"widget\" data-e-type=\"widget\" data-widget_type=\"text-editor.default\">\n\t\t\t\t<div class=\"elementor-widget-container\">\n\t\t\t\t\t\t\t\t\t<p><\/p>\n<h6 class=\"wp-block-heading\">\n<\/h6><h3>&nbsp; &nbsp; &nbsp; &nbsp; &nbsp; &nbsp; &nbsp; &nbsp; &nbsp; &nbsp; &nbsp; &nbsp; &nbsp; &nbsp;NAJLEPSZEJ JAKO\u015aCI PRODUKTY<br>&nbsp; &nbsp; &nbsp; &nbsp; &nbsp; &nbsp; &nbsp; &nbsp; &nbsp;SUSZARNIA \u201eMI\u0118DZYRZECZ&#8221; S.A. produkuje:<\/h3>\n<ul>\n<li>SUSZ CYKORII KORZENIOWEJ w formie p\u0142atka.<\/li>\n<\/ul>\n<ul>\n<li>SUSZ CYKORII KORZENIOWEJ w formie grysu.<\/li>\n<\/ul>\n<ul>\n<li>SUSZ CYKORII KORZENIOWEJ w formie kostki o wymiarach 15x15x15 mm.<\/li>\n<\/ul>\n<ul>\n<li>SUSZ BURAKA CUKROWEGO w formie p\u0142atka.<\/li>\n<\/ul>\n<p>Nasze produkty ciesz\u0105 si\u0119 uznaniem renomowanych firm produkuj\u0105cych kawy zbo\u017cowe w Polsce i w krajach Unii Europejskiej.\n<\/p><p><\/p>\n<p><\/p>\n<p><\/p>\n<p><\/p>\n<h6>\n<\/h6>\n<h5>\n<\/h5>\n<p><\/p>\n<p><\/p>\n<p><\/p>\t\t\t\t\t\t\t\t<\/div>\n\t\t\t\t<\/div>\n\t\t\t\t\t<\/div>\n\t\t<\/div>\n\t\t\t\t\t<\/div>\n\t\t<\/section>\n\t\t\t\t<\/div>\n\t\t","protected":false},"excerpt":{"rendered":"<p>&nbsp; &nbsp; &nbsp; &nbsp; &nbsp; &nbsp; &nbsp; &nbsp; &nbsp; &nbsp; &nbsp; &nbsp; &nbsp; &nbsp;NAJLEPSZEJ JAKO\u015aCI PRODUKTY&nbsp; &nbsp; &nbsp; &nbsp; &nbsp; &nbsp; &nbsp; &nbsp; &nbsp;SUSZARNIA \u201eMI\u0118DZYRZECZ&#8221; S.A. produkuje: SUSZ CYKORII KORZENIOWEJ w formie p\u0142atka. SUSZ CYKORII KORZENIOWEJ w formie grysu. SUSZ CYKORII KORZENIOWEJ w formie kostki o wymiarach 15x15x15 mm. SUSZ BURAKA CUKROWEGO w formie p\u0142atka.&hellip;&nbsp;<a href=\"https:\/\/suszarnia.com\/?page_id=49\" class=\"\" rel=\"bookmark\">Dowiedz si\u0119 wi\u0119cej &raquo;<span class=\"screen-reader-text\">SUSZ CYKORII I BURAKA CUKROWEGO<\/span><\/a><\/p>\n","protected":false},"author":1,"featured_media":0,"parent":0,"menu_order":0,"comment_status":"closed","ping_status":"closed","template":"","meta":{"neve_meta_sidebar":"","neve_meta_container":"","neve_meta_enable_content_width":"off","neve_meta_content_width":0,"neve_meta_title_alignment":"","neve_meta_author_avatar":"","neve_post_elements_order":"","neve_meta_disable_header":"","neve_meta_disable_footer":"","neve_meta_disable_title":"on","_themeisle_gutenberg_block_has_review":false,"footnotes":""},"class_list":["post-49","page","type-page","status-publish","hentry"],"_links":{"self":[{"href":"https:\/\/suszarnia.com\/index.php?rest_route=\/wp\/v2\/pages\/49","targetHints":{"allow":["GET"]}}],"collection":[{"href":"https:\/\/suszarnia.com\/index.php?rest_route=\/wp\/v2\/pages"}],"about":[{"href":"https:\/\/suszarnia.com\/index.php?rest_route=\/wp\/v2\/types\/page"}],"author":[{"embeddable":true,"href":"https:\/\/suszarnia.com\/index.php?rest_route=\/wp\/v2\/users\/1"}],"replies":[{"embeddable":true,"href":"https:\/\/suszarnia.com\/index.php?rest_route=%2Fwp%2Fv2%2Fcomments&post=49"}],"version-history":[{"count":8,"href":"https:\/\/suszarnia.com\/index.php?rest_route=\/wp\/v2\/pages\/49\/revisions"}],"predecessor-version":[{"id":257,"href":"https:\/\/suszarnia.com\/index.php?rest_route=\/wp\/v2\/pages\/49\/revisions\/257"}],"wp:attachment":[{"href":"https:\/\/suszarnia.com\/index.php?rest_route=%2Fwp%2Fv2%2Fmedia&parent=49"}],"curies":[{"name":"wp","href":"https:\/\/api.w.org\/{rel}","templated":true}]}}