{"id":48,"date":"2019-10-30T20:28:25","date_gmt":"2019-10-30T20:28:25","guid":{"rendered":"https:\/\/suszarnia.comwordpress\/?page_id=48"},"modified":"2020-05-03T22:09:36","modified_gmt":"2020-05-03T20:09:36","slug":"o-firmie-i-historia","status":"publish","type":"page","link":"https:\/\/suszarnia.com\/?page_id=48","title":{"rendered":"O FIRMIE"},"content":{"rendered":"\t\t<div data-elementor-type=\"wp-page\" data-elementor-id=\"48\" class=\"elementor elementor-48\" data-elementor-post-type=\"page\">\n\t\t\t\t\t\t<section class=\"elementor-section elementor-top-section elementor-element elementor-element-4a5d5554 elementor-section-stretched elementor-section-boxed elementor-section-height-default elementor-section-height-default\" data-id=\"4a5d5554\" data-element_type=\"section\" data-e-type=\"section\" data-settings=\"{&quot;stretch_section&quot;:&quot;section-stretched&quot;}\">\n\t\t\t\t\t\t<div class=\"elementor-container elementor-column-gap-default\">\n\t\t\t\t\t<div class=\"elementor-column elementor-col-100 elementor-top-column elementor-element elementor-element-2908c04f\" data-id=\"2908c04f\" data-element_type=\"column\" data-e-type=\"column\">\n\t\t\t<div class=\"elementor-widget-wrap elementor-element-populated\">\n\t\t\t\t\t\t<div class=\"elementor-element elementor-element-ff31ad6 elementor-widget elementor-widget-text-editor\" data-id=\"ff31ad6\" data-element_type=\"widget\" data-e-type=\"widget\" data-widget_type=\"text-editor.default\">\n\t\t\t\t<div class=\"elementor-widget-container\">\n\t\t\t\t\t\t\t\t\t<p><\/p>\n<h2 class=\"wp-block-heading\">MAMY D\u0141UG\u0104 TRADYCJ\u0118 W PRODUKCJI SUSZU CYKORII<\/h2>\n<p><\/p>\n<p><\/p>\n<figure class=\"wp-block-gallery aligncenter columns-1 is-cropped wp-block-gallery-5 is-layout-flex wp-block-gallery-is-layout-flex\">\n<figure><strong><img fetchpriority=\"high\" decoding=\"async\" class=\"alignright wp-image-111\" src=\"https:\/\/suszarnia.com\/wp-content\/uploads\/2019\/11\/z9435434576-2.jpg\" alt=\"\" width=\"529\" height=\"275\" data-id=\"111\" data-link=\"https:\/\/suszarnia.com\/?attachment_id=111\" srcset=\"https:\/\/suszarnia.com\/wp-content\/uploads\/2019\/11\/z9435434576-2.jpg 839w, https:\/\/suszarnia.com\/wp-content\/uploads\/2019\/11\/z9435434576-2-300x156.jpg 300w, https:\/\/suszarnia.com\/wp-content\/uploads\/2019\/11\/z9435434576-2-768x399.jpg 768w\" sizes=\"(max-width: 529px) 100vw, 529px\" \/><\/strong><\/figure>\n<\/figure>\n<p><\/p>\n<p><\/p>\n<h6><b>Suszarnia &#8222;Mi\u0119dzyrzecz&#8221; S.A. w Mi\u0119dzyrzeczu jest producentem suszu cykorii korzeniowej i buraka cukrowego o kilkudziesi\u0119cioletniej tradycji. Zak\u0142ad zosta\u0142 wybudowany w okresie II wojny \u015bwiatowej produkuj\u0105c susz buraka cukrowego i p\u0142atki ziemniaczane. Po zako\u0144czeniu II wojny \u015bwiatowej zak\u0142ad uruchomiono w 1947 roku produkuj\u0105c susz buraka cukrowego w formie krajanki z przeznaczeniem na pasz\u0119 dla zwierz\u0105t. Produkcj\u0119 suszu cykorii korzeniowej rozpocz\u0119to w 1950 roku i kontynuowano do 1967 roku. Zmiana profilu nast\u0105pi\u0142a w wyniku reorganizacji &#8211; Suszarnia &#8222;Mi\u0119dzyrzecz&#8221; zosta\u0142a przekazana ze Zjednoczenia Przemys\u0142u Spo\u017cywczego do Przemys\u0142u Cukrowniczego wchodz\u0105c w sk\u0142ad Przedsi\u0119biorstwa Cukrownie Zielonog\u00f3rskie, a od 1975 roku wesz\u0142a w sk\u0142ad Przedsi\u0119biorstwa Cukrownie Leszczy\u0144skie wraz z cukrowniami: Gosty\u0144, G\u00f3ra \u015al\u0105ska, Ko\u015bcian, Miejska G\u00f3rka i Wschowa. W tym okresie Suszarnia &#8222;Mi\u0119dzyrzecz&#8221; zajmowa\u0142a si\u0119 przede wszystkim kontraktacj\u0105 i skupem burak\u00f3w cukrowych z przeznaczeniem na produkcj\u0119 cukru w w\/w cukrowniach. Cz\u0119\u015b\u0107 surowca przerabiano w Suszarni na susz buraka dla potrzeb przemys\u0142u spo\u017cywczego do produkcji kawy zbo\u017cowej, jak r\u00f3wnie\u017c z przeznaczeniem na pasz\u0119.W 1988 roku Suszarnia &#8222;Mi\u0119dzyrzecz&#8221; wznowi\u0142a produkcj\u0119 suszu cykorii korzeniowej \u2013 zwi\u0119kszaj\u0105c produkcj\u0119 w miar\u0119 rozbudowy bazy surowcowej. W 1992 roku w wyniku prywatyzacji powsta\u0142a Sp\u00f3\u0142ka Akcyjna Suszarnia &#8222;Mi\u0119dzyrzecz&#8221;.<\/b><\/h6>\n<p><\/p>\n<p><\/p>\n<h2 class=\"wp-block-heading\">NAJNOWSZE TECHNOLOGIE<\/h2>\n<p><\/p>\n<p><\/p>\n<p><strong>ZINTEGROWANY SYSTEM ZARZ\u0104DZANIA JAKO\u015aCI\u0104 GMP+ i HACCP<\/strong><\/p>\n<p><\/p>\n<p><\/p>\n<figure class=\"wp-block-gallery aligncenter columns-1 is-cropped wp-block-gallery-6 is-layout-flex wp-block-gallery-is-layout-flex\">\n<figure><img decoding=\"async\" width=\"805\" height=\"532\" class=\"wp-image-110\" src=\"https:\/\/suszarnia.com\/wp-content\/uploads\/2019\/11\/a1514307415.jpg\" alt=\"\" data-id=\"110\" data-link=\"https:\/\/suszarnia.com\/?attachment_id=110\" srcset=\"https:\/\/suszarnia.com\/wp-content\/uploads\/2019\/11\/a1514307415.jpg 805w, https:\/\/suszarnia.com\/wp-content\/uploads\/2019\/11\/a1514307415-300x198.jpg 300w, https:\/\/suszarnia.com\/wp-content\/uploads\/2019\/11\/a1514307415-768x508.jpg 768w\" sizes=\"(max-width: 805px) 100vw, 805px\" \/><\/figure>\n<\/figure>\n<p><\/p>\n<p><\/p>\n<h6>W 1999 roku z uwagi na brak zam\u00f3wie\u0144 ze strony cukrowni zaniechano kontraktacji burak\u00f3w cukrowych z przeznaczeniem na produkcj\u0119 cukru. W tym czasie nast\u0105pi\u0142a zmiana profilu produkcji w firmie \u2013 g\u0142\u00f3wn\u0105 dzia\u0142alno\u015bci\u0105 sta\u0142a si\u0119 produkcja suszu cykorii korzeniowej oraz suszu buraka cukrowego. Przeprowadzono gruntown\u0105 modernizacj\u0119 zak\u0142adu. Wprowadzono nowoczesne technologie i rozwi\u0105zania. Dzi\u0119ki temu firma uzyska\u0142a w 2002 roku Certyfikat SYSTEMU ZARZ\u0104DZANIA JAKO\u015aCI\u0104 ISO 9001 oraz Certyfikat HACCP gwarantuj\u0105ce wysok\u0105 jako\u015b\u0107 i bezpiecze\u0144stwo produkowanej \u017cywno\u015bci. W 2014 roku Suszarnia &#8222;Mi\u0119dzyrzecz&#8221; S.A. wdro\u017cy\u0142a system GMP+, a w 2015 ISCC.<\/h6>\n<p><\/p>\n<p><\/p>\n<h2 class=\"wp-block-heading\">CERTYFIKATY<\/h2>\n<p><\/p>\n<p><\/p>\n<figure class=\"wp-block-gallery columns-2 is-cropped wp-block-gallery-7 is-layout-flex wp-block-gallery-is-layout-flex\">\n<ul class=\"blocks-gallery-grid\">\n<li class=\"blocks-gallery-item\">\n<figure><img decoding=\"async\" width=\"543\" height=\"768\" class=\"wp-image-112\" src=\"https:\/\/suszarnia.com\/wp-content\/uploads\/2019\/11\/EU-ISCC-Cert-DE105-83287502-page-001.jpg\" alt=\"\" data-id=\"112\" srcset=\"https:\/\/suszarnia.com\/wp-content\/uploads\/2019\/11\/EU-ISCC-Cert-DE105-83287502-page-001.jpg 543w, https:\/\/suszarnia.com\/wp-content\/uploads\/2019\/11\/EU-ISCC-Cert-DE105-83287502-page-001-212x300.jpg 212w\" sizes=\"(max-width: 543px) 100vw, 543px\" \/><\/figure>\n<\/li>\n<li class=\"blocks-gallery-item\">\n<figure><img loading=\"lazy\" decoding=\"async\" width=\"543\" height=\"768\" class=\"wp-image-123\" src=\"https:\/\/suszarnia.com\/wp-content\/uploads\/2019\/11\/EU-ISCC-Cert-DE105-83287502-page-002-1.jpg\" alt=\"\" data-id=\"123\" data-link=\"https:\/\/suszarnia.com\/?attachment_id=123\" srcset=\"https:\/\/suszarnia.com\/wp-content\/uploads\/2019\/11\/EU-ISCC-Cert-DE105-83287502-page-002-1.jpg 543w, https:\/\/suszarnia.com\/wp-content\/uploads\/2019\/11\/EU-ISCC-Cert-DE105-83287502-page-002-1-212x300.jpg 212w\" sizes=\"(max-width: 543px) 100vw, 543px\" \/><\/figure>\n<\/li>\n<\/ul>\n<\/figure>\n<p><\/p>\n<p><\/p>\n<figure class=\"wp-block-gallery columns-2 is-cropped wp-block-gallery-8 is-layout-flex wp-block-gallery-is-layout-flex\">\n<ul class=\"blocks-gallery-grid\">\n<li class=\"blocks-gallery-item\">\n<figure><img loading=\"lazy\" decoding=\"async\" width=\"544\" height=\"768\" class=\"wp-image-115\" src=\"https:\/\/suszarnia.com\/wp-content\/uploads\/2019\/11\/HACCP_eng-page-001.jpg\" alt=\"\" data-id=\"115\" data-link=\"https:\/\/suszarnia.com\/?attachment_id=115\" srcset=\"https:\/\/suszarnia.com\/wp-content\/uploads\/2019\/11\/HACCP_eng-page-001.jpg 544w, https:\/\/suszarnia.com\/wp-content\/uploads\/2019\/11\/HACCP_eng-page-001-213x300.jpg 213w\" sizes=\"(max-width: 544px) 100vw, 544px\" \/><\/figure>\n<\/li>\n<li class=\"blocks-gallery-item\">\n<figure><img loading=\"lazy\" decoding=\"async\" width=\"544\" height=\"768\" class=\"wp-image-124\" src=\"https:\/\/suszarnia.com\/wp-content\/uploads\/2019\/11\/HACCP-page-001-1.jpg\" alt=\"\" data-id=\"124\" data-link=\"https:\/\/suszarnia.com\/?attachment_id=124\" srcset=\"https:\/\/suszarnia.com\/wp-content\/uploads\/2019\/11\/HACCP-page-001-1.jpg 544w, https:\/\/suszarnia.com\/wp-content\/uploads\/2019\/11\/HACCP-page-001-1-213x300.jpg 213w\" sizes=\"(max-width: 544px) 100vw, 544px\" \/><\/figure>\n<\/li>\n<\/ul>\n<\/figure>\n<p><\/p>\n<p><\/p>\n<div class=\"wp-block-image\">\n<figure class=\"aligncenter\"><img loading=\"lazy\" decoding=\"async\" width=\"544\" height=\"768\" class=\"wp-image-125\" src=\"https:\/\/suszarnia.com\/wp-content\/uploads\/2019\/11\/Suszarnia_Miedzyrzecz_B2_DNKFRC98378O-page-001-1.jpg\" alt=\"\" srcset=\"https:\/\/suszarnia.com\/wp-content\/uploads\/2019\/11\/Suszarnia_Miedzyrzecz_B2_DNKFRC98378O-page-001-1.jpg 544w, https:\/\/suszarnia.com\/wp-content\/uploads\/2019\/11\/Suszarnia_Miedzyrzecz_B2_DNKFRC98378O-page-001-1-213x300.jpg 213w\" sizes=\"(max-width: 544px) 100vw, 544px\" \/><\/figure>\n<\/div>\n<p><\/p>\t\t\t\t\t\t\t\t<\/div>\n\t\t\t\t<\/div>\n\t\t\t\t\t<\/div>\n\t\t<\/div>\n\t\t\t\t\t<\/div>\n\t\t<\/section>\n\t\t\t\t<section class=\"elementor-section elementor-top-section elementor-element elementor-element-4e2861b elementor-section-stretched elementor-section-boxed elementor-section-height-default elementor-section-height-default\" data-id=\"4e2861b\" data-element_type=\"section\" data-e-type=\"section\" data-settings=\"{&quot;stretch_section&quot;:&quot;section-stretched&quot;}\">\n\t\t\t\t\t\t<div class=\"elementor-container elementor-column-gap-default\">\n\t\t\t\t\t<div class=\"elementor-column elementor-col-100 elementor-top-column elementor-element elementor-element-56ae272\" data-id=\"56ae272\" data-element_type=\"column\" data-e-type=\"column\">\n\t\t\t<div class=\"elementor-widget-wrap elementor-element-populated\">\n\t\t\t\t\t\t<div class=\"elementor-element elementor-element-4c4960a elementor-widget elementor-widget-google_maps\" data-id=\"4c4960a\" data-element_type=\"widget\" data-e-type=\"widget\" data-widget_type=\"google_maps.default\">\n\t\t\t\t<div class=\"elementor-widget-container\">\n\t\t\t\t\t\t\t<div class=\"elementor-custom-embed\">\n\t\t\t<iframe loading=\"lazy\"\n\t\t\t\t\tsrc=\"https:\/\/maps.google.com\/maps?q=suszarnia%20mi%C4%99dzyrzecz&#038;t=m&#038;z=15&#038;output=embed&#038;iwloc=near\"\n\t\t\t\t\ttitle=\"suszarnia mi\u0119dzyrzecz\"\n\t\t\t\t\taria-label=\"suszarnia mi\u0119dzyrzecz\"\n\t\t\t><\/iframe>\n\t\t<\/div>\n\t\t\t\t\t\t<\/div>\n\t\t\t\t<\/div>\n\t\t\t\t\t<\/div>\n\t\t<\/div>\n\t\t\t\t\t<\/div>\n\t\t<\/section>\n\t\t\t\t<\/div>\n\t\t","protected":false},"excerpt":{"rendered":"<p>MAMY D\u0141UG\u0104 TRADYCJ\u0118 W PRODUKCJI SUSZU CYKORII Suszarnia &#8222;Mi\u0119dzyrzecz&#8221; S.A. w Mi\u0119dzyrzeczu jest producentem suszu cykorii korzeniowej i buraka cukrowego o kilkudziesi\u0119cioletniej tradycji. Zak\u0142ad zosta\u0142 wybudowany w okresie II wojny \u015bwiatowej produkuj\u0105c susz buraka cukrowego i p\u0142atki ziemniaczane. Po zako\u0144czeniu II wojny \u015bwiatowej zak\u0142ad uruchomiono w 1947 roku produkuj\u0105c susz buraka cukrowego w formie krajanki&hellip;&nbsp;<a href=\"https:\/\/suszarnia.com\/?page_id=48\" class=\"\" rel=\"bookmark\">Dowiedz si\u0119 wi\u0119cej &raquo;<span class=\"screen-reader-text\">O FIRMIE<\/span><\/a><\/p>\n","protected":false},"author":1,"featured_media":0,"parent":0,"menu_order":0,"comment_status":"closed","ping_status":"closed","template":"","meta":{"neve_meta_sidebar":"","neve_meta_container":"","neve_meta_enable_content_width":"off","neve_meta_content_width":0,"neve_meta_title_alignment":"","neve_meta_author_avatar":"","neve_post_elements_order":"","neve_meta_disable_header":"","neve_meta_disable_footer":"","neve_meta_disable_title":"on","_themeisle_gutenberg_block_has_review":false,"footnotes":""},"class_list":["post-48","page","type-page","status-publish","hentry"],"_links":{"self":[{"href":"https:\/\/suszarnia.com\/index.php?rest_route=\/wp\/v2\/pages\/48","targetHints":{"allow":["GET"]}}],"collection":[{"href":"https:\/\/suszarnia.com\/index.php?rest_route=\/wp\/v2\/pages"}],"about":[{"href":"https:\/\/suszarnia.com\/index.php?rest_route=\/wp\/v2\/types\/page"}],"author":[{"embeddable":true,"href":"https:\/\/suszarnia.com\/index.php?rest_route=\/wp\/v2\/users\/1"}],"replies":[{"embeddable":true,"href":"https:\/\/suszarnia.com\/index.php?rest_route=%2Fwp%2Fv2%2Fcomments&post=48"}],"version-history":[{"count":20,"href":"https:\/\/suszarnia.com\/index.php?rest_route=\/wp\/v2\/pages\/48\/revisions"}],"predecessor-version":[{"id":252,"href":"https:\/\/suszarnia.com\/index.php?rest_route=\/wp\/v2\/pages\/48\/revisions\/252"}],"wp:attachment":[{"href":"https:\/\/suszarnia.com\/index.php?rest_route=%2Fwp%2Fv2%2Fmedia&parent=48"}],"curies":[{"name":"wp","href":"https:\/\/api.w.org\/{rel}","templated":true}]}}